{"id":2,"date":"2023-02-13T23:27:05","date_gmt":"2023-02-13T23:27:05","guid":{"rendered":"http:\/\/ecogreen.pt\/?page_id=2"},"modified":"2023-03-09T23:17:49","modified_gmt":"2023-03-09T23:17:49","slug":"pagina-exemplo","status":"publish","type":"page","link":"https:\/\/ecogreen.pt\/","title":{"rendered":"Inicio"},"content":{"rendered":"\n<p>A Ecogreen \u00e9 uma empresa jovem e din\u00e2mica sediada na zona de Pombal dedicada a presta\u00e7\u00e3o de servi\u00e7os t\u00e9cnicos relacionados com as energias. <\/p>\n\n\n\n<figure class=\"wp-block-image size-full\"><img loading=\"lazy\" decoding=\"async\" width=\"800\" height=\"523\" src=\"http:\/\/ecogreen.pt\/wp-content\/uploads\/2023\/02\/dt93bab.png\" alt=\"\" class=\"wp-image-30\" srcset=\"https:\/\/ecogreen.pt\/wp-content\/uploads\/2023\/02\/dt93bab.png 800w, https:\/\/ecogreen.pt\/wp-content\/uploads\/2023\/02\/dt93bab-300x196.png 300w, https:\/\/ecogreen.pt\/wp-content\/uploads\/2023\/02\/dt93bab-768x502.png 768w\" sizes=\"auto, (max-width: 800px) 100vw, 800px\" \/><\/figure>\n\n\n\n<p>Profissionalismo, dedica\u00e7\u00e3o, gosto e foco ao cliente \u00e9 a nossa miss\u00e3o.<\/p>\n\n\n\n<p>Com um elevado n\u00edvel de Know-How nas \u00e1reas abrangidas pelos seus servi\u00e7os. Adquiridos atrav\u00e9s de anos de experiencia, forma\u00e7\u00f5es, workshops entre outros polos de conhecimento. <\/p>\n\n\n\n<p>A Ecogreen \u00e9 capacitada de alvar\u00e1, carteira profissional e entidade leg\u00edvel para a instala\u00e7\u00e3o de sistemas ao abrigo do <em>Fundo Ambiental<\/em> relacionadas com <em>Efici\u00eancia Energ\u00e9tica em Edif\u00edcios<\/em> tais como &#8220;Programa Vale Efici\u00eancia&#8221;, sistemas de autoconsumo entre outros.<\/p>\n\n\n\n<p><\/p>\n\n\n\n<p>Juntamente com os mais modernos e eficientes equipamentos, ferramentas, procedimentos e t\u00e9cnicas de trabalho aplicadas, com o foco ao detalhe e \u00e1 efici\u00eancia a Ecogreen destaca-se nas seguintes \u00e1rea:<\/p>\n\n\n\n<p><\/p>\n\n\n\n<p><strong>Sistemas de aguas quentes sanit\u00e1rias (AQS) e aquecimentos hidr\u00e1ulicos<\/strong><\/p>\n\n\n\n<figure class=\"wp-block-image size-large\"><img loading=\"lazy\" decoding=\"async\" width=\"1024\" height=\"512\" src=\"http:\/\/ecogreen.pt\/wp-content\/uploads\/2023\/02\/painel_solar_agua_quente-1-1024x512.jpg\" alt=\"\" class=\"wp-image-46\" srcset=\"https:\/\/ecogreen.pt\/wp-content\/uploads\/2023\/02\/painel_solar_agua_quente-1-1024x512.jpg 1024w, https:\/\/ecogreen.pt\/wp-content\/uploads\/2023\/02\/painel_solar_agua_quente-1-300x150.jpg 300w, https:\/\/ecogreen.pt\/wp-content\/uploads\/2023\/02\/painel_solar_agua_quente-1-768x384.jpg 768w, https:\/\/ecogreen.pt\/wp-content\/uploads\/2023\/02\/painel_solar_agua_quente-1-1536x768.jpg 1536w, https:\/\/ecogreen.pt\/wp-content\/uploads\/2023\/02\/painel_solar_agua_quente-1-2048x1024.jpg 2048w\" sizes=\"auto, (max-width: 1024px) 100vw, 1024px\" \/><\/figure>\n\n\n\n<p>Aplica\u00e7\u00e3o de sistemas solares t\u00e9rmicos, caldeiras a pellets ou gas\u00f3leo para sistemas de aquecimento central e ou de AQS<\/p>\n\n\n\n<p><\/p>\n\n\n\n<p><\/p>\n\n\n\n<p><strong>Instala\u00e7\u00f5es El\u00e9tricas <\/strong><\/p>\n\n\n\n<figure class=\"wp-block-image size-large\"><img loading=\"lazy\" decoding=\"async\" width=\"1024\" height=\"681\" src=\"http:\/\/ecogreen.pt\/wp-content\/uploads\/2023\/03\/1-Circuit_Breaker-1024x681.webp\" alt=\"\" class=\"wp-image-140\" srcset=\"https:\/\/ecogreen.pt\/wp-content\/uploads\/2023\/03\/1-Circuit_Breaker-1024x681.webp 1024w, https:\/\/ecogreen.pt\/wp-content\/uploads\/2023\/03\/1-Circuit_Breaker-300x200.webp 300w, https:\/\/ecogreen.pt\/wp-content\/uploads\/2023\/03\/1-Circuit_Breaker-768x511.webp 768w, https:\/\/ecogreen.pt\/wp-content\/uploads\/2023\/03\/1-Circuit_Breaker-1536x1022.webp 1536w, https:\/\/ecogreen.pt\/wp-content\/uploads\/2023\/03\/1-Circuit_Breaker.webp 1920w\" sizes=\"auto, (max-width: 1024px) 100vw, 1024px\" \/><\/figure>\n\n\n\n<p>Aplica\u00e7\u00e3o e repara\u00e7\u00e3o de avarias de eletricidade dom\u00e9stica, industrial. Integra\u00e7\u00e3o de sistemas de dom\u00f3tica e sistemas de casas inteligentes.<\/p>\n\n\n\n<p>Instala\u00e7\u00e3o de automatismos para port\u00f5es de correr, abrir e seccionados. Como tamb\u00e9m a instala\u00e7\u00e3o de todos os equipamentos, solu\u00e7\u00e3o chave na m\u00e3o. <\/p>\n\n\n\n<p><\/p>\n\n\n\n<p><\/p>\n\n\n\n<p><strong>Fotovoltaicos<\/strong><\/p>\n\n\n\n<figure class=\"wp-block-image size-large\"><img loading=\"lazy\" decoding=\"async\" width=\"1024\" height=\"356\" src=\"http:\/\/ecogreen.pt\/wp-content\/uploads\/2023\/02\/painelsolartelhado-1-1024x356.png\" alt=\"\" class=\"wp-image-47\" srcset=\"https:\/\/ecogreen.pt\/wp-content\/uploads\/2023\/02\/painelsolartelhado-1-1024x356.png 1024w, https:\/\/ecogreen.pt\/wp-content\/uploads\/2023\/02\/painelsolartelhado-1-300x104.png 300w, https:\/\/ecogreen.pt\/wp-content\/uploads\/2023\/02\/painelsolartelhado-1-768x267.png 768w, https:\/\/ecogreen.pt\/wp-content\/uploads\/2023\/02\/painelsolartelhado-1-1536x534.png 1536w, https:\/\/ecogreen.pt\/wp-content\/uploads\/2023\/02\/painelsolartelhado-1.png 1920w\" sizes=\"auto, (max-width: 1024px) 100vw, 1024px\" \/><\/figure>\n\n\n\n<p>Instala\u00e7\u00e3o de sistemas fotovoltaicos para autoconsumo e ou venda de energia. Com sistemas inteligentes que lhe permitem acompanhar em tempo real a produ\u00e7\u00e3o energ\u00e9tica.<\/p>\n\n\n\n<p><\/p>\n\n\n\n<figure class=\"wp-block-image size-full\"><img loading=\"lazy\" decoding=\"async\" width=\"100\" height=\"27\" src=\"http:\/\/ecogreen.pt\/wp-content\/uploads\/2023\/02\/cropped-dt93bab.png\" alt=\"\" class=\"wp-image-51\"\/><\/figure>\n","protected":false},"excerpt":{"rendered":"<p>A Ecogreen \u00e9 uma empresa jovem e din\u00e2mica sediada na zona de Pombal dedicada a presta\u00e7\u00e3o de servi\u00e7os t\u00e9cnicos relacionados com as energias. Profissionalismo, dedica\u00e7\u00e3o, gosto e foco ao cliente \u00e9 a nossa miss\u00e3o. Com um elevado n\u00edvel de Know-How nas \u00e1reas abrangidas pelos seus servi\u00e7os. Adquiridos atrav\u00e9s de anos de experiencia, forma\u00e7\u00f5es, workshops entre [&hellip;]<\/p>\n","protected":false},"author":1,"featured_media":45,"parent":0,"menu_order":0,"comment_status":"closed","ping_status":"open","template":"","meta":{"footnotes":""},"class_list":["post-2","page","type-page","status-publish","has-post-thumbnail","hentry"],"_links":{"self":[{"href":"https:\/\/ecogreen.pt\/index.php?rest_route=\/wp\/v2\/pages\/2","targetHints":{"allow":["GET"]}}],"collection":[{"href":"https:\/\/ecogreen.pt\/index.php?rest_route=\/wp\/v2\/pages"}],"about":[{"href":"https:\/\/ecogreen.pt\/index.php?rest_route=\/wp\/v2\/types\/page"}],"author":[{"embeddable":true,"href":"https:\/\/ecogreen.pt\/index.php?rest_route=\/wp\/v2\/users\/1"}],"replies":[{"embeddable":true,"href":"https:\/\/ecogreen.pt\/index.php?rest_route=%2Fwp%2Fv2%2Fcomments&post=2"}],"version-history":[{"count":12,"href":"https:\/\/ecogreen.pt\/index.php?rest_route=\/wp\/v2\/pages\/2\/revisions"}],"predecessor-version":[{"id":145,"href":"https:\/\/ecogreen.pt\/index.php?rest_route=\/wp\/v2\/pages\/2\/revisions\/145"}],"wp:featuredmedia":[{"embeddable":true,"href":"https:\/\/ecogreen.pt\/index.php?rest_route=\/wp\/v2\/media\/45"}],"wp:attachment":[{"href":"https:\/\/ecogreen.pt\/index.php?rest_route=%2Fwp%2Fv2%2Fmedia&parent=2"}],"curies":[{"name":"wp","href":"https:\/\/api.w.org\/{rel}","templated":true}]}}